{"id":11,"date":"2022-04-25T12:27:22","date_gmt":"2022-04-25T12:27:22","guid":{"rendered":"http:\/\/mich-k\u00fcmmerts.de\/?page_id=11"},"modified":"2022-11-26T14:20:25","modified_gmt":"2022-11-26T14:20:25","slug":"startseite","status":"publish","type":"page","link":"https:\/\/mich-k\u00fcmmerts.de\/","title":{"rendered":"Startseite"},"content":{"rendered":"\n<div class=\"wp-block-getwid-section alignfull getwid-section-content-full-width\"><div class=\"wp-block-getwid-section__wrapper\" style=\"min-height:350px\"><div class=\"wp-block-getwid-section__inner-wrapper\"><div class=\"wp-block-getwid-section__background-holder\"><div class=\"wp-block-getwid-section__background\" style=\"background-image:url('http:\/\/xn--mich-kmmerts-ilb.de\/wp-content\/uploads\/2022\/04\/Header-Bild-klein.jpeg')\"><div class=\"wp-block-getwid-section__background-image-wrapper\"><img decoding=\"async\" class=\"wp-block-getwid-section__background-image\" src=\"http:\/\/xn--mich-kmmerts-ilb.de\/wp-content\/uploads\/2022\/04\/Header-Bild-klein.jpeg\" alt=\"\"\/><\/div><\/div><div class=\"wp-block-getwid-section__foreground\"><\/div><\/div><div class=\"wp-block-getwid-section__content\"><div class=\"wp-block-getwid-section__inner-content\"><\/div><\/div><\/div><\/div><\/div>\n\n\n\n<div class=\"wp-block-getwid-section alignfull alignfull\"><div class=\"wp-block-getwid-section__wrapper\"><div class=\"wp-block-getwid-section__inner-wrapper\"><div class=\"wp-block-getwid-section__background-holder\"><div class=\"wp-block-getwid-section__background\"><\/div><div class=\"wp-block-getwid-section__foreground\"><\/div><\/div><div class=\"wp-block-getwid-section__content\"><div class=\"wp-block-getwid-section__inner-content\">\n<div class=\"wp-block-stackable-spacer stk-block-spacer stk--no-padding stk-block stk-a939718\" data-block-id=\"a939718\"><\/div>\n\n\n\n<h1 class=\"has-text-align-center\">Willkommen bei Mich k\u00fcmmert&#8217;s!<\/h1>\n\n\n\n<p>Ich bin Svenja und nein, Nachhaltigkeit war mir nicht schon immer wichtig. Auch ich habe in meinem bisherigen 30 j\u00e4hrigen Leben lange Zeit ziemlich sorglos (im Sinne der Nachhaltigkeit) vor mich hin konsumiert. 2019 hatte ich den immer weiter wachsenden gelben Sack zuhause satt &#8211; und habe Plastik in meinem Leben den Kampf angesagt. Inzwischen ist nicht nur M\u00fcllvermeidung mein Thema, sondern ich interessiere mich f\u00fcr den individuellen \u00f6kologischen Fu\u00dfabdruck, Ressourcenverschwendung, Upcycling, nachhaltige Materialien und noch viele weitere Ideen und Inspirationen, die mir beim Lesen und Recherchieren \u00fcber den Weg laufen. <\/p>\n\n\n\n<h2 class=\"has-text-align-center\">Das gr\u00f6\u00dfte Problem: Unsere eigene Bequemlichkeit &amp; Sicherheitsbed\u00fcrfnis<\/h2>\n\n\n\n<p>Wir alle wissen eigentlich, dass es h\u00f6chste Zeit ist etwas gegen Klimawandel und Co. zu tun. Eigentlich halt. Denn sich \u00fcber die Nachhaltigkeit des eigenen Lebensstils Gedanken zu machen bedeutet auch Konsequenzen zu ziehen und \u00fcber Alternativen nachzudenken. Das geht gut wenn es uns gut geht &#8211; schwieriger wird&#8217;s wenn wir abends hungrig nach Hause kommen und einfach nur noch schnell um die Ecke was zu essen einkaufen wollen. Dann siegt meistens das Bequeme und Bekannte. Schlie\u00dflich ist es wie beim Sport machen: neue (nachhaltige) Routinen brauchen etwas Training bevor sie selbstverst\u00e4ndlich von der Hand gehen. <\/p>\n\n\n\n<h2 class=\"has-text-align-center\">Mich k\u00fcmmert&#8217;s ja auch &#8211; aber wo soll ich blo\u00df anfangen?<\/h2>\n\n\n\n<p>Das ganze Thema Nachhaltigkeit ist in der Tat sehr komplex. Kreislaufwirtschaft, \u00dcbers\u00e4uerung der Ozeane, Plastikflut, CO2 Reduzierung, Biodiversit\u00e4t &#8211; da kann einem schon ganz sch\u00f6n der Kopf schwirren und der Mut verlassen. Denn wo soll mensch anfangen? Auf Plastik verzichten und daf\u00fcr nicht bio einkaufen? Sich vegan ern\u00e4hren und Ersatzprodukte in Plastik kaufen? Die Wahrheit ist: Ihr k\u00f6nnt nicht alles gleichzeitig \u00e4ndern. Muss mensch aber auch gar nicht. Ich bin davon \u00fcberzeugt, dass jeder kleine Schritt in Richtung Nachhaltigkeit einen Unterschied macht. Also lasst euch von den Ideen auf diesem Blog inspirieren und sucht euch doch 2-3 Sachen aus, die ihr ab morgen umsetzt. <\/p>\n<\/div><\/div><\/div><\/div><\/div>\n\n\n\n<div class=\"wp-block-getwid-section alignfull\"><div class=\"wp-block-getwid-section__wrapper\" style=\"padding-top:44px\"><div class=\"wp-block-getwid-section__inner-wrapper\"><div class=\"wp-block-getwid-section__background-holder\"><div class=\"wp-block-getwid-section__background\" style=\"background-image:url('http:\/\/xn--mich-kmmerts-ilb.de\/wp-content\/uploads\/2022\/04\/brauner-Karton-klein.jpeg')\"><div class=\"wp-block-getwid-section__background-image-wrapper\"><img decoding=\"async\" class=\"wp-block-getwid-section__background-image\" src=\"http:\/\/xn--mich-kmmerts-ilb.de\/wp-content\/uploads\/2022\/04\/brauner-Karton-klein.jpeg\" alt=\"\"\/><\/div><\/div><div class=\"wp-block-getwid-section__foreground\"><\/div><\/div><div class=\"wp-block-getwid-section__content\"><div class=\"wp-block-getwid-section__inner-content\">\n<h1 class=\"has-text-align-center has-35-font-size\"><strong><span style=\"color: #ffffff;\" class=\"stk-highlight\">\u201eWas soll eine*r allein schon bewirken\u201c, fragte sich die halbe Menschheit.<\/span><\/strong><\/h1>\n<\/div><\/div><\/div><\/div><\/div>\n\n\n\n<div class=\"wp-block-getwid-section alignfull alignfull\"><div class=\"wp-block-getwid-section__wrapper\"><div class=\"wp-block-getwid-section__inner-wrapper\"><div class=\"wp-block-getwid-section__background-holder\"><div class=\"wp-block-getwid-section__background\"><\/div><div class=\"wp-block-getwid-section__foreground\"><\/div><\/div><div class=\"wp-block-getwid-section__content\"><div class=\"wp-block-getwid-section__inner-content\">\n<div class=\"wp-block-stackable-spacer stk-block-spacer stk--no-padding stk-block stk-4b224ba\" data-block-id=\"4b224ba\"><\/div>\n\n\n\n<h2 class=\"has-text-align-center\">Lasst euch inspirieren!<\/h2>\n\n\n\n<p class=\"has-small-font-size\">Kleiner Disclaimer: Mein Blog soll eine Art Ideenspeicher sein. Ich bekomme f\u00fcr die Verlinkungen kein Geld, gleichzeitig habe ich nicht alle Unternehmen deren Links ich angeben auf Leib und Nieren gepr\u00fcft. Ich pr\u00e4sentiere hier Ideen, die ich einfach cool und innovativ finde. Macht euch deshalb gerne selbst ein Bild. Wenn ihr weitere Ideen oder Feedback habt, schreibt mir gerne!<\/p>\n\n\n\r\n\t\t\t\t<div  class=\"oceanwp-post-list clr oceanwp-swiper-container two\" data-slideshow=\"7000\" data-number=\"3\" data-space-between=\"\">\r\n\r\n\t\t\t\t\t<div class=\"posts-slider clr oceanwp-swiper-wrapper\">\r\n\r\n\t\t\t\t\t\t\r\n\t\t\t\t\t\t\t\t<article id=\"post-265\" class=\"clr oceanwp-swiper-slide post-265 post type-post status-publish format-standard has-post-thumbnail hentry category-plastikfrei category-wissen category-wohnen entry has-media\">\r\n\r\n\t\t\t\t\t\t\t\t\t<a href=\"https:\/\/mich-k\u00fcmmerts.de\/?p=265\" title=\"Ideen zum Selber machen\">\r\n\r\n\t\t\t\t\t\t\t\t\t\t<img width=\"1536\" height=\"1024\" src=\"https:\/\/xn--mich-kmmerts-ilb.de\/wp-content\/uploads\/2022\/11\/smarticular-1536x1024.jpg\" class=\"attachment-1536x1536 size-1536x1536 wp-post-image\" alt=\"Ideen zum Selber machen\" decoding=\"async\" loading=\"lazy\" itemprop=\"image\" srcset=\"https:\/\/xn--mich-kmmerts-ilb.de\/wp-content\/uploads\/2022\/11\/smarticular-1536x1024.jpg 1536w, https:\/\/xn--mich-kmmerts-ilb.de\/wp-content\/uploads\/2022\/11\/smarticular-300x200.jpg 300w, https:\/\/xn--mich-kmmerts-ilb.de\/wp-content\/uploads\/2022\/11\/smarticular-1024x683.jpg 1024w, https:\/\/xn--mich-kmmerts-ilb.de\/wp-content\/uploads\/2022\/11\/smarticular-768x512.jpg 768w, https:\/\/xn--mich-kmmerts-ilb.de\/wp-content\/uploads\/2022\/11\/smarticular.jpg 1896w\" sizes=\"(max-width: 1536px) 100vw, 1536px\" \/>\r\n\t\t\t\t\t\t\t\t\t<\/a>\r\n\r\n\t\t\t\t\t\t\t\t\t<div class=\"slide-overlay-wrap\">\r\n\r\n\t\t\t\t\t\t\t\t\t\t<div class=\"slide-overlay\">\r\n\r\n\t\t\t\t\t\t\t\t\t\t\t<div class=\"oceanwp-post-category\"><a href=\"https:\/\/mich-k\u00fcmmerts.de\/?cat=7\" rel=\"category\">Plastikfrei<\/a> \/ <a href=\"https:\/\/mich-k\u00fcmmerts.de\/?cat=10\" rel=\"category\">Wissen<\/a> \/ <a href=\"https:\/\/mich-k\u00fcmmerts.de\/?cat=9\" rel=\"category\">Wohnen<\/a><\/div>\r\n\r\n\t\t\t\t\t\t\t\t\t\t\t\r\n\t\t\t\t\t\t\t\t\t\t\t<h2><a href=\"https:\/\/mich-k\u00fcmmerts.de\/?p=265\">Ideen zum Selber machen<\/a><\/h2>\r\n\r\n\t\t\t\t\t\t\t\t\t\t\t\r\n\t\t\t\t\t\t\t\t\t\t\t\t<div class=\"oceanwp-post-excerpt\">\r\n\t\t\t\t\t\t\t\t\t\t\t\t\t<p>Eigentlich l\u00e4sst sich so viel selber machen, upcyceln, wiederverwenden - manchmal braucht es einfach nur etwas Inspiration und Tipps und&hellip;<\/p>\r\n\t\t\t\t\t\t\t\t\t\t\t\t\t<a href=\"https:\/\/mich-k\u00fcmmerts.de\/?p=265\" class=\"readmore\">Weiterlesen<\/a>\r\n\t\t\t\t\t\t\t\t\t\t\t\t<\/div>\r\n\r\n\t\t\t\t\t\t\t\t\t\t\t\r\n\t\t\t\t\t\t\t\t\t\t<\/div>\r\n\r\n\t\t\t\t\t\t\t\t\t<\/div>\r\n\r\n\t\t\t\t\t\t\t\t<\/article>\r\n\r\n\t\t\t\t\t\t\t\t\r\n\t\t\t\t\t\t\t\t<article id=\"post-263\" class=\"clr oceanwp-swiper-slide post-263 post type-post status-publish format-standard has-post-thumbnail hentry category-geschenke category-lebensmittel category-social-impact entry has-media\">\r\n\r\n\t\t\t\t\t\t\t\t\t<a href=\"https:\/\/mich-k\u00fcmmerts.de\/?p=263\" title=\"Kuchen mit Impact\">\r\n\r\n\t\t\t\t\t\t\t\t\t\t<img width=\"800\" height=\"533\" src=\"https:\/\/xn--mich-kmmerts-ilb.de\/wp-content\/uploads\/2022\/11\/Kuchen.jpeg\" class=\"attachment-1536x1536 size-1536x1536 wp-post-image\" alt=\"Kuchen mit Impact\" decoding=\"async\" loading=\"lazy\" itemprop=\"image\" srcset=\"https:\/\/xn--mich-kmmerts-ilb.de\/wp-content\/uploads\/2022\/11\/Kuchen.jpeg 800w, https:\/\/xn--mich-kmmerts-ilb.de\/wp-content\/uploads\/2022\/11\/Kuchen-300x200.jpeg 300w, https:\/\/xn--mich-kmmerts-ilb.de\/wp-content\/uploads\/2022\/11\/Kuchen-768x512.jpeg 768w\" sizes=\"(max-width: 800px) 100vw, 800px\" \/>\r\n\t\t\t\t\t\t\t\t\t<\/a>\r\n\r\n\t\t\t\t\t\t\t\t\t<div class=\"slide-overlay-wrap\">\r\n\r\n\t\t\t\t\t\t\t\t\t\t<div class=\"slide-overlay\">\r\n\r\n\t\t\t\t\t\t\t\t\t\t\t<div class=\"oceanwp-post-category\"><a href=\"https:\/\/mich-k\u00fcmmerts.de\/?cat=5\" rel=\"category\">Geschenke<\/a> \/ <a href=\"https:\/\/mich-k\u00fcmmerts.de\/?cat=11\" rel=\"category\">Lebensmittel<\/a> \/ <a href=\"https:\/\/mich-k\u00fcmmerts.de\/?cat=8\" rel=\"category\">Social Impact<\/a><\/div>\r\n\r\n\t\t\t\t\t\t\t\t\t\t\t\r\n\t\t\t\t\t\t\t\t\t\t\t<h2><a href=\"https:\/\/mich-k\u00fcmmerts.de\/?p=263\">Kuchen mit Impact<\/a><\/h2>\r\n\r\n\t\t\t\t\t\t\t\t\t\t\t\r\n\t\t\t\t\t\t\t\t\t\t\t\t<div class=\"oceanwp-post-excerpt\">\r\n\t\t\t\t\t\t\t\t\t\t\t\t\t<p>Kuchen wie von Oma oder Opa - dass ist die Idee von Kuchentratsch. Hier backen Senior*innen ihre Lieblingskuchen, finden so&hellip;<\/p>\r\n\t\t\t\t\t\t\t\t\t\t\t\t\t<a href=\"https:\/\/mich-k\u00fcmmerts.de\/?p=263\" class=\"readmore\">Weiterlesen<\/a>\r\n\t\t\t\t\t\t\t\t\t\t\t\t<\/div>\r\n\r\n\t\t\t\t\t\t\t\t\t\t\t\r\n\t\t\t\t\t\t\t\t\t\t<\/div>\r\n\r\n\t\t\t\t\t\t\t\t\t<\/div>\r\n\r\n\t\t\t\t\t\t\t\t<\/article>\r\n\r\n\t\t\t\t\t\t\t\t\r\n\t\t\t\t\t\t\t\t<article id=\"post-260\" class=\"clr oceanwp-swiper-slide post-260 post type-post status-publish format-standard has-post-thumbnail hentry category-geschenke category-wohnen entry has-media\">\r\n\r\n\t\t\t\t\t\t\t\t\t<a href=\"https:\/\/mich-k\u00fcmmerts.de\/?p=260\" title=\"Kerzen aus Recyclingwachs\">\r\n\r\n\t\t\t\t\t\t\t\t\t\t<img width=\"1536\" height=\"1024\" src=\"https:\/\/xn--mich-kmmerts-ilb.de\/wp-content\/uploads\/2022\/04\/Kerzen-1536x1024.jpg\" class=\"attachment-1536x1536 size-1536x1536 wp-post-image\" alt=\"Kerzen aus Recyclingwachs\" decoding=\"async\" loading=\"lazy\" itemprop=\"image\" srcset=\"https:\/\/xn--mich-kmmerts-ilb.de\/wp-content\/uploads\/2022\/04\/Kerzen-1536x1024.jpg 1536w, https:\/\/xn--mich-kmmerts-ilb.de\/wp-content\/uploads\/2022\/04\/Kerzen-300x200.jpg 300w, https:\/\/xn--mich-kmmerts-ilb.de\/wp-content\/uploads\/2022\/04\/Kerzen-1024x683.jpg 1024w, https:\/\/xn--mich-kmmerts-ilb.de\/wp-content\/uploads\/2022\/04\/Kerzen-768x512.jpg 768w, https:\/\/xn--mich-kmmerts-ilb.de\/wp-content\/uploads\/2022\/04\/Kerzen.jpg 1620w\" sizes=\"(max-width: 1536px) 100vw, 1536px\" \/>\r\n\t\t\t\t\t\t\t\t\t<\/a>\r\n\r\n\t\t\t\t\t\t\t\t\t<div class=\"slide-overlay-wrap\">\r\n\r\n\t\t\t\t\t\t\t\t\t\t<div class=\"slide-overlay\">\r\n\r\n\t\t\t\t\t\t\t\t\t\t\t<div class=\"oceanwp-post-category\"><a href=\"https:\/\/mich-k\u00fcmmerts.de\/?cat=5\" rel=\"category\">Geschenke<\/a> \/ <a href=\"https:\/\/mich-k\u00fcmmerts.de\/?cat=9\" rel=\"category\">Wohnen<\/a><\/div>\r\n\r\n\t\t\t\t\t\t\t\t\t\t\t\r\n\t\t\t\t\t\t\t\t\t\t\t<h2><a href=\"https:\/\/mich-k\u00fcmmerts.de\/?p=260\">Kerzen aus Recyclingwachs<\/a><\/h2>\r\n\r\n\t\t\t\t\t\t\t\t\t\t\t\r\n\t\t\t\t\t\t\t\t\t\t\t\t<div class=\"oceanwp-post-excerpt\">\r\n\t\t\t\t\t\t\t\t\t\t\t\t\t<p>Wachs ist ein wertvoller Rohstoff, denn er entsteht meist aus Erd\u00f6l. H\u00e4ufig werden Wachsreste einfach weggeschmissen, dabei lassen sie sich&hellip;<\/p>\r\n\t\t\t\t\t\t\t\t\t\t\t\t\t<a href=\"https:\/\/mich-k\u00fcmmerts.de\/?p=260\" class=\"readmore\">Weiterlesen<\/a>\r\n\t\t\t\t\t\t\t\t\t\t\t\t<\/div>\r\n\r\n\t\t\t\t\t\t\t\t\t\t\t\r\n\t\t\t\t\t\t\t\t\t\t<\/div>\r\n\r\n\t\t\t\t\t\t\t\t\t<\/div>\r\n\r\n\t\t\t\t\t\t\t\t<\/article>\r\n\r\n\t\t\t\t\t\t\t\t\r\n\t\t\t\t\t\t\t\t<article id=\"post-256\" class=\"clr oceanwp-swiper-slide post-256 post type-post status-publish format-standard has-post-thumbnail hentry category-badezimmer category-geschenke category-plastikfrei category-social-impact entry has-media\">\r\n\r\n\t\t\t\t\t\t\t\t\t<a href=\"https:\/\/mich-k\u00fcmmerts.de\/?p=256\" title=\"Kompostierbare Schwammt\u00fccher\">\r\n\r\n\t\t\t\t\t\t\t\t\t\t<img width=\"800\" height=\"534\" src=\"https:\/\/xn--mich-kmmerts-ilb.de\/wp-content\/uploads\/2022\/11\/Putzen.jpeg\" class=\"attachment-1536x1536 size-1536x1536 wp-post-image\" alt=\"Kompostierbare Schwammt\u00fccher\" decoding=\"async\" loading=\"lazy\" itemprop=\"image\" srcset=\"https:\/\/xn--mich-kmmerts-ilb.de\/wp-content\/uploads\/2022\/11\/Putzen.jpeg 800w, https:\/\/xn--mich-kmmerts-ilb.de\/wp-content\/uploads\/2022\/11\/Putzen-300x200.jpeg 300w, https:\/\/xn--mich-kmmerts-ilb.de\/wp-content\/uploads\/2022\/11\/Putzen-768x513.jpeg 768w\" sizes=\"(max-width: 800px) 100vw, 800px\" \/>\r\n\t\t\t\t\t\t\t\t\t<\/a>\r\n\r\n\t\t\t\t\t\t\t\t\t<div class=\"slide-overlay-wrap\">\r\n\r\n\t\t\t\t\t\t\t\t\t\t<div class=\"slide-overlay\">\r\n\r\n\t\t\t\t\t\t\t\t\t\t\t<div class=\"oceanwp-post-category\"><a href=\"https:\/\/mich-k\u00fcmmerts.de\/?cat=6\" rel=\"category\">Badezimmer<\/a> \/ <a href=\"https:\/\/mich-k\u00fcmmerts.de\/?cat=5\" rel=\"category\">Geschenke<\/a> \/ <a href=\"https:\/\/mich-k\u00fcmmerts.de\/?cat=7\" rel=\"category\">Plastikfrei<\/a> \/ <a href=\"https:\/\/mich-k\u00fcmmerts.de\/?cat=8\" rel=\"category\">Social Impact<\/a><\/div>\r\n\r\n\t\t\t\t\t\t\t\t\t\t\t\r\n\t\t\t\t\t\t\t\t\t\t\t<h2><a href=\"https:\/\/mich-k\u00fcmmerts.de\/?p=256\">Kompostierbare Schwammt\u00fccher<\/a><\/h2>\r\n\r\n\t\t\t\t\t\t\t\t\t\t\t\r\n\t\t\t\t\t\t\t\t\t\t\t\t<div class=\"oceanwp-post-excerpt\">\r\n\t\t\t\t\t\t\t\t\t\t\t\t\t<p>Ich wei\u00df Schwammt\u00fccher sind nicht sexy. Aber wir benutzen sie tagt\u00e4glich zum sp\u00fclen, putzen, wegwischen und schmei\u00dfen sie regelm\u00e4\u00dfig aus&hellip;<\/p>\r\n\t\t\t\t\t\t\t\t\t\t\t\t\t<a href=\"https:\/\/mich-k\u00fcmmerts.de\/?p=256\" class=\"readmore\">Weiterlesen<\/a>\r\n\t\t\t\t\t\t\t\t\t\t\t\t<\/div>\r\n\r\n\t\t\t\t\t\t\t\t\t\t\t\r\n\t\t\t\t\t\t\t\t\t\t<\/div>\r\n\r\n\t\t\t\t\t\t\t\t\t<\/div>\r\n\r\n\t\t\t\t\t\t\t\t<\/article>\r\n\r\n\t\t\t\t\t\t\t\t\r\n\t\t\t\t\t\t\t\t<article id=\"post-253\" class=\"clr oceanwp-swiper-slide post-253 post type-post status-publish format-standard has-post-thumbnail hentry category-haustiere entry has-media\">\r\n\r\n\t\t\t\t\t\t\t\t\t<a href=\"https:\/\/mich-k\u00fcmmerts.de\/?p=253\" title=\"Unterwolle spenden\">\r\n\r\n\t\t\t\t\t\t\t\t\t\t<img width=\"1536\" height=\"1024\" src=\"https:\/\/xn--mich-kmmerts-ilb.de\/wp-content\/uploads\/2022\/11\/Tierhaare-1536x1024.jpg\" class=\"attachment-1536x1536 size-1536x1536 wp-post-image\" alt=\"Unterwolle spenden\" decoding=\"async\" loading=\"lazy\" itemprop=\"image\" srcset=\"https:\/\/xn--mich-kmmerts-ilb.de\/wp-content\/uploads\/2022\/11\/Tierhaare-1536x1024.jpg 1536w, https:\/\/xn--mich-kmmerts-ilb.de\/wp-content\/uploads\/2022\/11\/Tierhaare-300x200.jpg 300w, https:\/\/xn--mich-kmmerts-ilb.de\/wp-content\/uploads\/2022\/11\/Tierhaare-1024x682.jpg 1024w, https:\/\/xn--mich-kmmerts-ilb.de\/wp-content\/uploads\/2022\/11\/Tierhaare-768x512.jpg 768w, https:\/\/xn--mich-kmmerts-ilb.de\/wp-content\/uploads\/2022\/11\/Tierhaare.jpg 1619w\" sizes=\"(max-width: 1536px) 100vw, 1536px\" \/>\r\n\t\t\t\t\t\t\t\t\t<\/a>\r\n\r\n\t\t\t\t\t\t\t\t\t<div class=\"slide-overlay-wrap\">\r\n\r\n\t\t\t\t\t\t\t\t\t\t<div class=\"slide-overlay\">\r\n\r\n\t\t\t\t\t\t\t\t\t\t\t<div class=\"oceanwp-post-category\"><a href=\"https:\/\/mich-k\u00fcmmerts.de\/?cat=13\" rel=\"category\">Haustiere<\/a><\/div>\r\n\r\n\t\t\t\t\t\t\t\t\t\t\t\r\n\t\t\t\t\t\t\t\t\t\t\t<h2><a href=\"https:\/\/mich-k\u00fcmmerts.de\/?p=253\">Unterwolle spenden<\/a><\/h2>\r\n\r\n\t\t\t\t\t\t\t\t\t\t\t\r\n\t\t\t\t\t\t\t\t\t\t\t\t<div class=\"oceanwp-post-excerpt\">\r\n\t\t\t\t\t\t\t\t\t\t\t\t\t<p>Seid ihr Hunde- oder Katzenbesitzer*innen? Wenn ja, dann kennt ihr das \"Haar\" Problem. Gerade beim Ausk\u00e4mmen, kommt eine Menge an&hellip;<\/p>\r\n\t\t\t\t\t\t\t\t\t\t\t\t\t<a href=\"https:\/\/mich-k\u00fcmmerts.de\/?p=253\" class=\"readmore\">Weiterlesen<\/a>\r\n\t\t\t\t\t\t\t\t\t\t\t\t<\/div>\r\n\r\n\t\t\t\t\t\t\t\t\t\t\t\r\n\t\t\t\t\t\t\t\t\t\t<\/div>\r\n\r\n\t\t\t\t\t\t\t\t\t<\/div>\r\n\r\n\t\t\t\t\t\t\t\t<\/article>\r\n\r\n\t\t\t\t\t\t\t\t\r\n\t\t\t\t\t\t\t\t<article id=\"post-250\" class=\"clr oceanwp-swiper-slide post-250 post type-post status-publish format-standard has-post-thumbnail hentry category-diversitaet category-geschenke category-kinder category-social-impact entry has-media\">\r\n\r\n\t\t\t\t\t\t\t\t\t<a href=\"https:\/\/mich-k\u00fcmmerts.de\/?p=250\" title=\"Buntstifte f\u00fcr Diversit\u00e4t\">\r\n\r\n\t\t\t\t\t\t\t\t\t\t<img width=\"1536\" height=\"1024\" src=\"https:\/\/xn--mich-kmmerts-ilb.de\/wp-content\/uploads\/2022\/11\/Buntstifte-1536x1024.jpg\" class=\"attachment-1536x1536 size-1536x1536 wp-post-image\" alt=\"Buntstifte f\u00fcr Diversit\u00e4t\" decoding=\"async\" loading=\"lazy\" itemprop=\"image\" srcset=\"https:\/\/xn--mich-kmmerts-ilb.de\/wp-content\/uploads\/2022\/11\/Buntstifte-1536x1024.jpg 1536w, https:\/\/xn--mich-kmmerts-ilb.de\/wp-content\/uploads\/2022\/11\/Buntstifte-300x200.jpg 300w, https:\/\/xn--mich-kmmerts-ilb.de\/wp-content\/uploads\/2022\/11\/Buntstifte-1024x683.jpg 1024w, https:\/\/xn--mich-kmmerts-ilb.de\/wp-content\/uploads\/2022\/11\/Buntstifte-768x512.jpg 768w, https:\/\/xn--mich-kmmerts-ilb.de\/wp-content\/uploads\/2022\/11\/Buntstifte.jpg 1914w\" sizes=\"(max-width: 1536px) 100vw, 1536px\" \/>\r\n\t\t\t\t\t\t\t\t\t<\/a>\r\n\r\n\t\t\t\t\t\t\t\t\t<div class=\"slide-overlay-wrap\">\r\n\r\n\t\t\t\t\t\t\t\t\t\t<div class=\"slide-overlay\">\r\n\r\n\t\t\t\t\t\t\t\t\t\t\t<div class=\"oceanwp-post-category\"><a href=\"https:\/\/mich-k\u00fcmmerts.de\/?cat=15\" rel=\"category\">Diversit\u00e4t<\/a> \/ <a href=\"https:\/\/mich-k\u00fcmmerts.de\/?cat=5\" rel=\"category\">Geschenke<\/a> \/ <a href=\"https:\/\/mich-k\u00fcmmerts.de\/?cat=16\" rel=\"category\">Kinder<\/a> \/ <a href=\"https:\/\/mich-k\u00fcmmerts.de\/?cat=8\" rel=\"category\">Social Impact<\/a><\/div>\r\n\r\n\t\t\t\t\t\t\t\t\t\t\t\r\n\t\t\t\t\t\t\t\t\t\t\t<h2><a href=\"https:\/\/mich-k\u00fcmmerts.de\/?p=250\">Buntstifte f\u00fcr Diversit\u00e4t<\/a><\/h2>\r\n\r\n\t\t\t\t\t\t\t\t\t\t\t\r\n\t\t\t\t\t\t\t\t\t\t\t\t<div class=\"oceanwp-post-excerpt\">\r\n\t\t\t\t\t\t\t\t\t\t\t\t\t<p>Wie l\u00e4sst sich mit Kindern gut \u00fcber Diversit\u00e4t sprechen und sie daf\u00fcr sensibilisieren? Das Projekt Hautfarben hat darauf eine Antwort&hellip;<\/p>\r\n\t\t\t\t\t\t\t\t\t\t\t\t\t<a href=\"https:\/\/mich-k\u00fcmmerts.de\/?p=250\" class=\"readmore\">Weiterlesen<\/a>\r\n\t\t\t\t\t\t\t\t\t\t\t\t<\/div>\r\n\r\n\t\t\t\t\t\t\t\t\t\t\t\r\n\t\t\t\t\t\t\t\t\t\t<\/div>\r\n\r\n\t\t\t\t\t\t\t\t\t<\/div>\r\n\r\n\t\t\t\t\t\t\t\t<\/article>\r\n\r\n\t\t\t\t\t\t\t\t\r\n\t\t\t\t\t<\/div>\r\n\r\n\t\t\t\t\t<!-- If we need pagination -->\r\n\t\t\t\t\t<div class=\"oceanwp-swiper-pagination\"><\/div>\r\n\r\n\t\t\t\t\t<!-- If we need navigation buttons -->\r\n\t\t\t\t\t<div class=\"oceanwp-swiper-button-prev oceanwp-swiper-button-white\"><\/div>\r\n\t\t\t\t\t<div class=\"oceanwp-swiper-button-next oceanwp-swiper-button-white\"><\/div>\r\n\r\n\t\t\t\t\t<!-- If we need scrollbar -->\r\n\t\t\t\t\t<div class=\"oceanwp-swiper-scrollbar\"><\/div>\r\n\t\t\t\t<\/div>\r\n\r\n\t\t\t\t\n\n\n\n<div class=\"wp-block-stackable-spacer stk-block-spacer stk--no-padding stk-block stk-fa01502\" data-block-id=\"fa01502\"><\/div>\n<\/div><\/div><\/div><\/div><\/div>\n\n\n\n<div class=\"wp-block-getwid-section alignfull\"><div class=\"wp-block-getwid-section__wrapper\"><div class=\"wp-block-getwid-section__inner-wrapper\"><div class=\"wp-block-getwid-section__background-holder\"><div class=\"wp-block-getwid-section__background\" style=\"background-image:url('http:\/\/xn--mich-kmmerts-ilb.de\/wp-content\/uploads\/2022\/04\/brauner-Karton-klein.jpeg');background-position:center center\"><div class=\"wp-block-getwid-section__background-image-wrapper\"><img decoding=\"async\" class=\"wp-block-getwid-section__background-image\" src=\"http:\/\/xn--mich-kmmerts-ilb.de\/wp-content\/uploads\/2022\/04\/brauner-Karton-klein.jpeg\" alt=\"\"\/><\/div><\/div><div class=\"wp-block-getwid-section__foreground\"><\/div><\/div><div class=\"wp-block-getwid-section__content\"><div class=\"wp-block-getwid-section__inner-content\"><p class=\"aligncenter is-style-default wp-block-tag-cloud\"><a href=\"https:\/\/mich-k\u00fcmmerts.de\/?cat=12\" class=\"tag-cloud-link tag-link-12 tag-link-position-1\" style=\"font-size: 8pt;\" aria-label=\"Arbeit (1\u00a0Eintrag)\">Arbeit<\/a>\n<a href=\"https:\/\/mich-k\u00fcmmerts.de\/?cat=6\" class=\"tag-cloud-link tag-link-6 tag-link-position-2\" style=\"font-size: 14.461538461538pt;\" aria-label=\"Badezimmer (3\u00a0Eintr\u00e4ge)\">Badezimmer<\/a>\n<a href=\"https:\/\/mich-k\u00fcmmerts.de\/?cat=15\" class=\"tag-cloud-link tag-link-15 tag-link-position-3\" style=\"font-size: 8pt;\" aria-label=\"Diversit\u00e4t (1\u00a0Eintrag)\">Diversit\u00e4t<\/a>\n<a href=\"https:\/\/mich-k\u00fcmmerts.de\/?cat=5\" class=\"tag-cloud-link tag-link-5 tag-link-position-4\" style=\"font-size: 22pt;\" aria-label=\"Geschenke (8\u00a0Eintr\u00e4ge)\">Geschenke<\/a>\n<a href=\"https:\/\/mich-k\u00fcmmerts.de\/?cat=13\" class=\"tag-cloud-link tag-link-13 tag-link-position-5\" style=\"font-size: 11.876923076923pt;\" aria-label=\"Haustiere (2\u00a0Eintr\u00e4ge)\">Haustiere<\/a>\n<a href=\"https:\/\/mich-k\u00fcmmerts.de\/?cat=16\" class=\"tag-cloud-link tag-link-16 tag-link-position-6\" style=\"font-size: 8pt;\" aria-label=\"Kinder (1\u00a0Eintrag)\">Kinder<\/a>\n<a href=\"https:\/\/mich-k\u00fcmmerts.de\/?cat=14\" class=\"tag-cloud-link tag-link-14 tag-link-position-7\" style=\"font-size: 8pt;\" aria-label=\"Kleidung (1\u00a0Eintrag)\">Kleidung<\/a>\n<a href=\"https:\/\/mich-k\u00fcmmerts.de\/?cat=11\" class=\"tag-cloud-link tag-link-11 tag-link-position-8\" style=\"font-size: 16.615384615385pt;\" aria-label=\"Lebensmittel (4\u00a0Eintr\u00e4ge)\">Lebensmittel<\/a>\n<a href=\"https:\/\/mich-k\u00fcmmerts.de\/?cat=4\" class=\"tag-cloud-link tag-link-4 tag-link-position-9\" style=\"font-size: 8pt;\" aria-label=\"Papeterie (1\u00a0Eintrag)\">Papeterie<\/a>\n<a href=\"https:\/\/mich-k\u00fcmmerts.de\/?cat=7\" class=\"tag-cloud-link tag-link-7 tag-link-position-10\" style=\"font-size: 22pt;\" aria-label=\"Plastikfrei (8\u00a0Eintr\u00e4ge)\">Plastikfrei<\/a>\n<a href=\"https:\/\/mich-k\u00fcmmerts.de\/?cat=8\" class=\"tag-cloud-link tag-link-8 tag-link-position-11\" style=\"font-size: 20.923076923077pt;\" aria-label=\"Social Impact (7\u00a0Eintr\u00e4ge)\">Social Impact<\/a>\n<a href=\"https:\/\/mich-k\u00fcmmerts.de\/?cat=10\" class=\"tag-cloud-link tag-link-10 tag-link-position-12\" style=\"font-size: 16.615384615385pt;\" aria-label=\"Wissen (4\u00a0Eintr\u00e4ge)\">Wissen<\/a>\n<a href=\"https:\/\/mich-k\u00fcmmerts.de\/?cat=9\" class=\"tag-cloud-link tag-link-9 tag-link-position-13\" style=\"font-size: 16.615384615385pt;\" aria-label=\"Wohnen (4\u00a0Eintr\u00e4ge)\">Wohnen<\/a><\/p><\/div><\/div><\/div><\/div><\/div>\n","protected":false},"excerpt":{"rendered":"","protected":false},"author":1,"featured_media":0,"parent":0,"menu_order":0,"comment_status":"closed","ping_status":"closed","template":"","meta":[],"featured_image_urls":{"full":"","thumbnail":"","medium":"","medium_large":"","large":"","1536x1536":"","2048x2048":"","ocean-thumb-m":"","ocean-thumb-ml":"","ocean-thumb-l":""},"post_excerpt_stackable":"<p>Willkommen bei Mich k\u00fcmmert&#8217;s! Ich bin Svenja und nein, Nachhaltigkeit war mir nicht schon immer wichtig. Auch ich habe in meinem bisherigen 30 j\u00e4hrigen Leben lange Zeit ziemlich sorglos (im Sinne der Nachhaltigkeit) vor mich hin konsumiert. 2019 hatte ich den immer weiter wachsenden gelben Sack zuhause satt &#8211; und habe Plastik in meinem Leben den Kampf angesagt. Inzwischen ist nicht nur M\u00fcllvermeidung mein Thema, sondern ich interessiere mich f\u00fcr den individuellen \u00f6kologischen Fu\u00dfabdruck, Ressourcenverschwendung, Upcycling, nachhaltige Materialien und noch viele weitere Ideen und Inspirationen, die mir beim Lesen und Recherchieren \u00fcber den Weg laufen. Das gr\u00f6\u00dfte Problem: Unsere eigene&hellip;<\/p>\n","category_list":"","author_info":{"name":"Svenja","url":"https:\/\/mich-k\u00fcmmerts.de\/?author=1"},"comments_num":"0 comments","_links":{"self":[{"href":"https:\/\/mich-k\u00fcmmerts.de\/index.php?rest_route=\/wp\/v2\/pages\/11"}],"collection":[{"href":"https:\/\/mich-k\u00fcmmerts.de\/index.php?rest_route=\/wp\/v2\/pages"}],"about":[{"href":"https:\/\/mich-k\u00fcmmerts.de\/index.php?rest_route=\/wp\/v2\/types\/page"}],"author":[{"embeddable":true,"href":"https:\/\/mich-k\u00fcmmerts.de\/index.php?rest_route=\/wp\/v2\/users\/1"}],"replies":[{"embeddable":true,"href":"https:\/\/mich-k\u00fcmmerts.de\/index.php?rest_route=%2Fwp%2Fv2%2Fcomments&post=11"}],"version-history":[{"count":17,"href":"https:\/\/mich-k\u00fcmmerts.de\/index.php?rest_route=\/wp\/v2\/pages\/11\/revisions"}],"predecessor-version":[{"id":276,"href":"https:\/\/mich-k\u00fcmmerts.de\/index.php?rest_route=\/wp\/v2\/pages\/11\/revisions\/276"}],"wp:attachment":[{"href":"https:\/\/mich-k\u00fcmmerts.de\/index.php?rest_route=%2Fwp%2Fv2%2Fmedia&parent=11"}],"curies":[{"name":"wp","href":"https:\/\/api.w.org\/{rel}","templated":true}]}}